{"id":1330,"date":"2025-03-25T09:52:17","date_gmt":"2025-03-25T08:52:17","guid":{"rendered":"https:\/\/mj.webmast.pl\/?page_id=1330"},"modified":"2025-06-06T12:26:30","modified_gmt":"2025-06-06T10:26:30","slug":"o-kancelarii","status":"publish","type":"page","link":"https:\/\/twojpatent.pl\/en\/o-kancelarii\/","title":{"rendered":"About the Office"},"content":{"rendered":"<div data-elementor-type=\"wp-page\" data-elementor-id=\"1330\" class=\"elementor elementor-1330\">\n\t\t\t\t<div class=\"elementor-element elementor-element-4708ca7d e-flex e-con-boxed e-con e-parent\" data-id=\"4708ca7d\" data-element_type=\"container\" data-settings=\"{&quot;background_background&quot;:&quot;classic&quot;}\">\n\t\t\t\t\t<div class=\"e-con-inner\">\n\t\t<div class=\"elementor-element elementor-element-430d0a43 e-con-full e-flex e-con e-child\" data-id=\"430d0a43\" data-element_type=\"container\">\n\t\t\t\t<div class=\"elementor-element elementor-element-1de42f9e elementor-widget elementor-widget-shortcode\" data-id=\"1de42f9e\" data-element_type=\"widget\" data-widget_type=\"shortcode.default\">\n\t\t\t\t<div class=\"elementor-widget-container\">\n\t\t\t\t\t\t\t<div class=\"elementor-shortcode\"><\/div>\n\t\t\t\t\t\t<\/div>\n\t\t\t\t<\/div>\n\t\t\t\t<div class=\"elementor-element elementor-element-60c6ce9d elementor-widget elementor-widget-heading\" data-id=\"60c6ce9d\" data-element_type=\"widget\" data-widget_type=\"heading.default\">\n\t\t\t\t<div class=\"elementor-widget-container\">\n\t\t\t\t\t<h1 class=\"elementor-heading-title elementor-size-default\">About the Office<\/h1>\t\t\t\t<\/div>\n\t\t\t\t<\/div>\n\t\t\t\t<div class=\"elementor-element elementor-element-a697a83 elementor-widget elementor-widget-text-editor\" data-id=\"a697a83\" data-element_type=\"widget\" data-widget_type=\"text-editor.default\">\n\t\t\t\t<div class=\"elementor-widget-container\">\n\t\t\t\t\t\t\t\t\t<p>The office provides professional assistance and an individual approach for each client, taking\ncare of their interests and effective protection of intellectual property rights.<\/p>\t\t\t\t\t\t\t\t<\/div>\n\t\t\t\t<\/div>\n\t\t\t\t<\/div>\n\t\t\t\t\t<\/div>\n\t\t\t\t<\/div>\n\t\t<div class=\"elementor-element elementor-element-2ab3e4ef e-flex e-con-boxed e-con e-parent\" data-id=\"2ab3e4ef\" data-element_type=\"container\">\n\t\t\t\t\t<div class=\"e-con-inner\">\n\t\t<div class=\"elementor-element elementor-element-464b9745 e-con-full e-flex e-con e-child\" data-id=\"464b9745\" data-element_type=\"container\">\n\t\t\t\t<div class=\"elementor-element elementor-element-1a7c7926 elementor-widget elementor-widget-text-editor\" data-id=\"1a7c7926\" data-element_type=\"widget\" data-widget_type=\"text-editor.default\">\n\t\t\t\t<div class=\"elementor-widget-container\">\n\t\t\t\t\t\t\t\t\t<p>About Us<\/p>\t\t\t\t\t\t\t\t<\/div>\n\t\t\t\t<\/div>\n\t\t\t\t<div class=\"elementor-element elementor-element-5e236b88 elementor-widget elementor-widget-heading\" data-id=\"5e236b88\" data-element_type=\"widget\" data-widget_type=\"heading.default\">\n\t\t\t\t<div class=\"elementor-widget-container\">\n\t\t\t\t\t<h2 class=\"elementor-heading-title elementor-size-default\">Magdalena Jezierska<\/h2>\t\t\t\t<\/div>\n\t\t\t\t<\/div>\n\t\t\t\t<div class=\"elementor-element elementor-element-61dd3990 elementor-widget elementor-widget-text-editor\" data-id=\"61dd3990\" data-element_type=\"widget\" data-widget_type=\"text-editor.default\">\n\t\t\t\t<div class=\"elementor-widget-container\">\n\t\t\t\t\t\t\t\t\t<p><span style=\"font-weight: 400;\">My name is Magdalena Jezierska, I live in Wodzis\u0142aw \u015al\u0105ski, where I opened a company dealing with intellectual property.\nI have the qualifications to practice as a Patent Attorney (registration no. 3652) to represent\nclients before the Polish Patent Office and to represent in matters of trademarks and\ncommunity designs before the European Union Intellectual Property Office (EUIPO).\u00a0<\/span><\/p><p><span style=\"font-weight: 400;\">I studied at the University of Science and Technology in Krakow in the Faculty of Mining and\nGeology with two specializations: geology and mineral prospecting as well as exploratory geophysics. I also have experience in the mining industry, where I work as a mining\ngeologist. <\/span><\/p>\t\t\t\t\t\t\t\t<\/div>\n\t\t\t\t<\/div>\n\t\t\t\t<\/div>\n\t\t<div class=\"elementor-element elementor-element-53d418a9 e-con-full e-flex e-con e-child\" data-id=\"53d418a9\" data-element_type=\"container\">\n\t\t\t\t<div class=\"elementor-element elementor-element-244b06b6 elementor-widget elementor-widget-image\" data-id=\"244b06b6\" data-element_type=\"widget\" data-widget_type=\"image.default\">\n\t\t\t\t<div class=\"elementor-widget-container\">\n\t\t\t\t\t\t\t\t\t\t\t\t\t\t\t<img fetchpriority=\"high\" decoding=\"async\" width=\"1016\" height=\"1024\" src=\"https:\/\/twojpatent.pl\/wp-content\/uploads\/2025\/03\/zdjecie-1-scaled-e1742892083863-1016x1024.jpg\" class=\"attachment-large size-large wp-image-1311\" alt=\"\" srcset=\"https:\/\/twojpatent.pl\/wp-content\/uploads\/2025\/03\/zdjecie-1-scaled-e1742892083863-1016x1024.jpg 1016w, https:\/\/twojpatent.pl\/wp-content\/uploads\/2025\/03\/zdjecie-1-scaled-e1742892083863-298x300.jpg 298w, https:\/\/twojpatent.pl\/wp-content\/uploads\/2025\/03\/zdjecie-1-scaled-e1742892083863-150x150.jpg 150w, https:\/\/twojpatent.pl\/wp-content\/uploads\/2025\/03\/zdjecie-1-scaled-e1742892083863-768x774.jpg 768w, https:\/\/twojpatent.pl\/wp-content\/uploads\/2025\/03\/zdjecie-1-scaled-e1742892083863-1524x1536.jpg 1524w, https:\/\/twojpatent.pl\/wp-content\/uploads\/2025\/03\/zdjecie-1-scaled-e1742892083863-12x12.jpg 12w, https:\/\/twojpatent.pl\/wp-content\/uploads\/2025\/03\/zdjecie-1-scaled-e1742892083863.jpg 1707w\" sizes=\"(max-width: 1016px) 100vw, 1016px\" \/>\t\t\t\t\t\t\t\t\t\t\t\t\t\t\t<\/div>\n\t\t\t\t<\/div>\n\t\t\t\t<\/div>\n\t\t\t\t\t<\/div>\n\t\t\t\t<\/div>\n\t\t<div class=\"elementor-element elementor-element-8468a70 e-flex e-con-boxed e-con e-parent\" data-id=\"8468a70\" data-element_type=\"container\">\n\t\t\t\t\t<div class=\"e-con-inner\">\n\t\t<div class=\"elementor-element elementor-element-41283a2 e-con-full e-flex e-con e-child\" data-id=\"41283a2\" data-element_type=\"container\" data-settings=\"{&quot;background_background&quot;:&quot;classic&quot;}\">\n\t\t<div class=\"elementor-element elementor-element-ac401c5 e-con-full e-flex e-con e-child\" data-id=\"ac401c5\" data-element_type=\"container\" data-settings=\"{&quot;position&quot;:&quot;absolute&quot;}\">\n\t\t\t\t<\/div>\n\t\t<div class=\"elementor-element elementor-element-e965fc1 e-con-full e-flex e-con e-child\" data-id=\"e965fc1\" data-element_type=\"container\">\n\t\t\t\t<div class=\"elementor-element elementor-element-f177af3 elementor-widget elementor-widget-heading\" data-id=\"f177af3\" data-element_type=\"widget\" data-widget_type=\"heading.default\">\n\t\t\t\t<div class=\"elementor-widget-container\">\n\t\t\t\t\t<h3 class=\"elementor-heading-title elementor-size-default\">Contact us and find out more.<\/h3>\t\t\t\t<\/div>\n\t\t\t\t<\/div>\n\t\t<div class=\"elementor-element elementor-element-1d6cae3 e-con-full e-flex e-con e-child\" data-id=\"1d6cae3\" data-element_type=\"container\">\n\t\t\t\t<div class=\"elementor-element elementor-element-5883aa3 elementor-widget elementor-widget-text-editor\" data-id=\"5883aa3\" data-element_type=\"widget\" data-widget_type=\"text-editor.default\">\n\t\t\t\t<div class=\"elementor-widget-container\">\n\t\t\t\t\t\t\t\t\t<p>Call us<\/p>\t\t\t\t\t\t\t\t<\/div>\n\t\t\t\t<\/div>\n\t\t\t\t<div class=\"elementor-element elementor-element-905550a elementor-view-default elementor-widget elementor-widget-icon\" data-id=\"905550a\" data-element_type=\"widget\" data-widget_type=\"icon.default\">\n\t\t\t\t<div class=\"elementor-widget-container\">\n\t\t\t\t\t\t\t<div class=\"elementor-icon-wrapper\">\n\t\t\t<div class=\"elementor-icon\">\n\t\t\t<svg aria-hidden=\"true\" class=\"e-font-icon-svg e-fas-phone\" viewbox=\"0 0 512 512\" xmlns=\"http:\/\/www.w3.org\/2000\/svg\"><path d=\"M493.4 24.6l-104-24c-11.3-2.6-22.9 3.3-27.5 13.9l-48 112c-4.2 9.8-1.4 21.3 6.9 28l60.6 49.6c-36 76.7-98.9 140.5-177.2 177.2l-49.6-60.6c-6.8-8.3-18.2-11.1-28-6.9l-112 48C3.9 366.5-2 378.1.6 389.4l24 104C27.1 504.2 36.7 512 48 512c256.1 0 464-207.5 464-464 0-11.2-7.7-20.9-18.6-23.4z\"><\/path><\/svg>\t\t\t<\/div>\n\t\t<\/div>\n\t\t\t\t\t\t<\/div>\n\t\t\t\t<\/div>\n\t\t\t\t<div class=\"elementor-element elementor-element-1df58d0 elementor-widget elementor-widget-text-editor\" data-id=\"1df58d0\" data-element_type=\"widget\" data-widget_type=\"text-editor.default\">\n\t\t\t\t<div class=\"elementor-widget-container\">\n\t\t\t\t\t\t\t\t\t<p><a href=\"tel:+48 604 297 814\">+48\u00a0604\u00a0297\u00a0814<\/a><\/p>\t\t\t\t\t\t\t\t<\/div>\n\t\t\t\t<\/div>\n\t\t\t\t<\/div>\n\t\t\t\t<\/div>\n\t\t<div class=\"elementor-element elementor-element-5a08e8b e-con-full e-flex e-con e-child\" data-id=\"5a08e8b\" data-element_type=\"container\">\n\t\t\t\t<div class=\"elementor-element elementor-element-f31a11e elementor-align-center elementor-widget elementor-widget-button\" data-id=\"f31a11e\" data-element_type=\"widget\" data-widget_type=\"button.default\">\n\t\t\t\t<div class=\"elementor-widget-container\">\n\t\t\t\t\t\t\t\t\t<div class=\"elementor-button-wrapper\">\n\t\t\t\t\t<a class=\"elementor-button elementor-button-link elementor-size-sm\" href=\"\/en\/kontakt\/\">\n\t\t\t\t\t\t<span class=\"elementor-button-content-wrapper\">\n\t\t\t\t\t\t\t\t\t<span class=\"elementor-button-text\">Contact<\/span>\n\t\t\t\t\t<\/span>\n\t\t\t\t\t<\/a>\n\t\t\t\t<\/div>\n\t\t\t\t\t\t\t\t<\/div>\n\t\t\t\t<\/div>\n\t\t\t\t<\/div>\n\t\t\t\t<\/div>\n\t\t\t\t\t<\/div>\n\t\t\t\t<\/div>\n\t\t\t\t<\/div>","protected":false},"excerpt":{"rendered":"<p>O Kancelarii Kancelaria zapewnia profesjonaln\u0105 pomoc i indywidualne podej\u015bcie dla ka\u017cdego klienta dbaj\u0105c o jego interesy i skuteczn\u0105 ochron\u0119 praw w\u0142asno\u015bci intelektualnej. O nas Magdalena Jezierska Nazywam si\u0119 Magdalena Jezierska, mieszkam w Wodzis\u0142awiu \u015al\u0105skim, gdzie otworzy\u0142am Kancelari\u0119 Patentow\u0105. Posiadam uprawnienia do wykonywania zawodu Rzecznika Patentowego (nr ewid. 3652) do reprezentowania przed polskim Urz\u0119dem Patentowym\u00a0 oraz [&hellip;]<\/p>","protected":false},"author":1,"featured_media":0,"parent":0,"menu_order":0,"comment_status":"closed","ping_status":"closed","template":"","meta":{"footnotes":""},"class_list":["post-1330","page","type-page","status-publish","hentry"],"blocksy_meta":{"has_hero_section":"disabled","styles_descriptor":{"styles":{"desktop":"","tablet":"","mobile":""},"google_fonts":[],"version":6}},"yoast_head":"<!-- This site is optimized with the Yoast SEO plugin v26.7 - https:\/\/yoast.com\/wordpress\/plugins\/seo\/ -->\n<title>O Kancelarii - Magdalena Jezierska Kancelaria Patentowa | TwojPatent.pl<\/title>\n<meta name=\"description\" content=\"Poznaj misj\u0119, warto\u015bci i do\u015bwiadczenie Kancelarii Patentowej Magdaleny Jezierskiej. Zapewniamy kompleksow\u0105 ochron\u0119 w\u0142asno\u015bci intelektualnej i indywidualne podej\u015bcie do ka\u017cdego klienta.\" \/>\n<meta name=\"robots\" content=\"index, follow, max-snippet:-1, max-image-preview:large, max-video-preview:-1\" \/>\n<link rel=\"canonical\" href=\"https:\/\/twojpatent.pl\/en\/o-kancelarii\/\" \/>\n<meta property=\"og:locale\" content=\"en_GB\" \/>\n<meta property=\"og:type\" content=\"article\" \/>\n<meta property=\"og:title\" content=\"O Kancelarii - Magdalena Jezierska Kancelaria Patentowa | TwojPatent.pl\" \/>\n<meta property=\"og:description\" content=\"Poznaj misj\u0119, warto\u015bci i do\u015bwiadczenie Kancelarii Patentowej Magdaleny Jezierskiej. Zapewniamy kompleksow\u0105 ochron\u0119 w\u0142asno\u015bci intelektualnej i indywidualne podej\u015bcie do ka\u017cdego klienta.\" \/>\n<meta property=\"og:url\" content=\"https:\/\/twojpatent.pl\/en\/o-kancelarii\/\" \/>\n<meta property=\"og:site_name\" content=\"TwojPatent.pl\" \/>\n<meta property=\"article:modified_time\" content=\"2025-06-06T10:26:30+00:00\" \/>\n<meta property=\"og:image\" content=\"https:\/\/twojpatent.pl\/wp-content\/uploads\/2025\/03\/zdjecie-1-scaled-e1742892083863.jpg\" \/>\n\t<meta property=\"og:image:width\" content=\"1707\" \/>\n\t<meta property=\"og:image:height\" content=\"1720\" \/>\n\t<meta property=\"og:image:type\" content=\"image\/jpeg\" \/>\n<meta name=\"twitter:card\" content=\"summary_large_image\" \/>\n<meta name=\"twitter:label1\" content=\"Estimated reading time\" \/>\n\t<meta name=\"twitter:data1\" content=\"1 minute\" \/>\n<script type=\"application\/ld+json\" class=\"yoast-schema-graph\">{\"@context\":\"https:\/\/schema.org\",\"@graph\":[{\"@type\":\"WebPage\",\"@id\":\"https:\/\/twojpatent.pl\/o-kancelarii\/\",\"url\":\"https:\/\/twojpatent.pl\/o-kancelarii\/\",\"name\":\"O Kancelarii - Magdalena Jezierska Kancelaria Patentowa | TwojPatent.pl\",\"isPartOf\":{\"@id\":\"https:\/\/twojpatent.pl\/#website\"},\"primaryImageOfPage\":{\"@id\":\"https:\/\/twojpatent.pl\/o-kancelarii\/#primaryimage\"},\"image\":{\"@id\":\"https:\/\/twojpatent.pl\/o-kancelarii\/#primaryimage\"},\"thumbnailUrl\":\"https:\/\/twojpatent.pl\/wp-content\/uploads\/2025\/03\/zdjecie-1-scaled-e1742892083863-1016x1024.jpg\",\"datePublished\":\"2025-03-25T08:52:17+00:00\",\"dateModified\":\"2025-06-06T10:26:30+00:00\",\"description\":\"Poznaj misj\u0119, warto\u015bci i do\u015bwiadczenie Kancelarii Patentowej Magdaleny Jezierskiej. Zapewniamy kompleksow\u0105 ochron\u0119 w\u0142asno\u015bci intelektualnej i indywidualne podej\u015bcie do ka\u017cdego klienta.\",\"breadcrumb\":{\"@id\":\"https:\/\/twojpatent.pl\/o-kancelarii\/#breadcrumb\"},\"inLanguage\":\"en-GB\",\"potentialAction\":[{\"@type\":\"ReadAction\",\"target\":[\"https:\/\/twojpatent.pl\/o-kancelarii\/\"]}]},{\"@type\":\"ImageObject\",\"inLanguage\":\"en-GB\",\"@id\":\"https:\/\/twojpatent.pl\/o-kancelarii\/#primaryimage\",\"url\":\"https:\/\/twojpatent.pl\/wp-content\/uploads\/2025\/03\/zdjecie-1-scaled-e1742892083863-1016x1024.jpg\",\"contentUrl\":\"https:\/\/twojpatent.pl\/wp-content\/uploads\/2025\/03\/zdjecie-1-scaled-e1742892083863-1016x1024.jpg\"},{\"@type\":\"BreadcrumbList\",\"@id\":\"https:\/\/twojpatent.pl\/o-kancelarii\/#breadcrumb\",\"itemListElement\":[{\"@type\":\"ListItem\",\"position\":1,\"name\":\"Strona g\u0142\u00f3wna\",\"item\":\"https:\/\/twojpatent.pl\/\"},{\"@type\":\"ListItem\",\"position\":2,\"name\":\"O Kancelarii\"}]},{\"@type\":\"WebSite\",\"@id\":\"https:\/\/twojpatent.pl\/#website\",\"url\":\"https:\/\/twojpatent.pl\/\",\"name\":\"TwojPatent.pl\",\"description\":\"\",\"publisher\":{\"@id\":\"https:\/\/twojpatent.pl\/#organization\"},\"potentialAction\":[{\"@type\":\"SearchAction\",\"target\":{\"@type\":\"EntryPoint\",\"urlTemplate\":\"https:\/\/twojpatent.pl\/?s={search_term_string}\"},\"query-input\":{\"@type\":\"PropertyValueSpecification\",\"valueRequired\":true,\"valueName\":\"search_term_string\"}}],\"inLanguage\":\"en-GB\"},{\"@type\":\"Organization\",\"@id\":\"https:\/\/twojpatent.pl\/#organization\",\"name\":\"TwojPatent.pl\",\"url\":\"https:\/\/twojpatent.pl\/\",\"logo\":{\"@type\":\"ImageObject\",\"inLanguage\":\"en-GB\",\"@id\":\"https:\/\/twojpatent.pl\/#\/schema\/logo\/image\/\",\"url\":\"https:\/\/twojpatent.pl\/wp-content\/uploads\/2025\/03\/mj-kancelaria-projektowa-3.jpg\",\"contentUrl\":\"https:\/\/twojpatent.pl\/wp-content\/uploads\/2025\/03\/mj-kancelaria-projektowa-3.jpg\",\"width\":448,\"height\":453,\"caption\":\"TwojPatent.pl\"},\"image\":{\"@id\":\"https:\/\/twojpatent.pl\/#\/schema\/logo\/image\/\"}}]}<\/script>\n<!-- \/ Yoast SEO plugin. -->","yoast_head_json":{"title":"O Kancelarii - Magdalena Jezierska Kancelaria Patentowa | TwojPatent.pl","description":"Poznaj misj\u0119, warto\u015bci i do\u015bwiadczenie Kancelarii Patentowej Magdaleny Jezierskiej. Zapewniamy kompleksow\u0105 ochron\u0119 w\u0142asno\u015bci intelektualnej i indywidualne podej\u015bcie do ka\u017cdego klienta.","robots":{"index":"index","follow":"follow","max-snippet":"max-snippet:-1","max-image-preview":"max-image-preview:large","max-video-preview":"max-video-preview:-1"},"canonical":"https:\/\/twojpatent.pl\/en\/o-kancelarii\/","og_locale":"en_GB","og_type":"article","og_title":"O Kancelarii - Magdalena Jezierska Kancelaria Patentowa | TwojPatent.pl","og_description":"Poznaj misj\u0119, warto\u015bci i do\u015bwiadczenie Kancelarii Patentowej Magdaleny Jezierskiej. Zapewniamy kompleksow\u0105 ochron\u0119 w\u0142asno\u015bci intelektualnej i indywidualne podej\u015bcie do ka\u017cdego klienta.","og_url":"https:\/\/twojpatent.pl\/en\/o-kancelarii\/","og_site_name":"TwojPatent.pl","article_modified_time":"2025-06-06T10:26:30+00:00","og_image":[{"width":1707,"height":1720,"url":"https:\/\/twojpatent.pl\/wp-content\/uploads\/2025\/03\/zdjecie-1-scaled-e1742892083863.jpg","type":"image\/jpeg"}],"twitter_card":"summary_large_image","twitter_misc":{"Estimated reading time":"1 minute"},"schema":{"@context":"https:\/\/schema.org","@graph":[{"@type":"WebPage","@id":"https:\/\/twojpatent.pl\/o-kancelarii\/","url":"https:\/\/twojpatent.pl\/o-kancelarii\/","name":"O Kancelarii - Magdalena Jezierska Kancelaria Patentowa | TwojPatent.pl","isPartOf":{"@id":"https:\/\/twojpatent.pl\/#website"},"primaryImageOfPage":{"@id":"https:\/\/twojpatent.pl\/o-kancelarii\/#primaryimage"},"image":{"@id":"https:\/\/twojpatent.pl\/o-kancelarii\/#primaryimage"},"thumbnailUrl":"https:\/\/twojpatent.pl\/wp-content\/uploads\/2025\/03\/zdjecie-1-scaled-e1742892083863-1016x1024.jpg","datePublished":"2025-03-25T08:52:17+00:00","dateModified":"2025-06-06T10:26:30+00:00","description":"Poznaj misj\u0119, warto\u015bci i do\u015bwiadczenie Kancelarii Patentowej Magdaleny Jezierskiej. Zapewniamy kompleksow\u0105 ochron\u0119 w\u0142asno\u015bci intelektualnej i indywidualne podej\u015bcie do ka\u017cdego klienta.","breadcrumb":{"@id":"https:\/\/twojpatent.pl\/o-kancelarii\/#breadcrumb"},"inLanguage":"en-GB","potentialAction":[{"@type":"ReadAction","target":["https:\/\/twojpatent.pl\/o-kancelarii\/"]}]},{"@type":"ImageObject","inLanguage":"en-GB","@id":"https:\/\/twojpatent.pl\/o-kancelarii\/#primaryimage","url":"https:\/\/twojpatent.pl\/wp-content\/uploads\/2025\/03\/zdjecie-1-scaled-e1742892083863-1016x1024.jpg","contentUrl":"https:\/\/twojpatent.pl\/wp-content\/uploads\/2025\/03\/zdjecie-1-scaled-e1742892083863-1016x1024.jpg"},{"@type":"BreadcrumbList","@id":"https:\/\/twojpatent.pl\/o-kancelarii\/#breadcrumb","itemListElement":[{"@type":"ListItem","position":1,"name":"Strona g\u0142\u00f3wna","item":"https:\/\/twojpatent.pl\/"},{"@type":"ListItem","position":2,"name":"O Kancelarii"}]},{"@type":"WebSite","@id":"https:\/\/twojpatent.pl\/#website","url":"https:\/\/twojpatent.pl\/","name":"TwojPatent.pl","description":"","publisher":{"@id":"https:\/\/twojpatent.pl\/#organization"},"potentialAction":[{"@type":"SearchAction","target":{"@type":"EntryPoint","urlTemplate":"https:\/\/twojpatent.pl\/?s={search_term_string}"},"query-input":{"@type":"PropertyValueSpecification","valueRequired":true,"valueName":"search_term_string"}}],"inLanguage":"en-GB"},{"@type":"Organization","@id":"https:\/\/twojpatent.pl\/#organization","name":"TwojPatent.pl","url":"https:\/\/twojpatent.pl\/","logo":{"@type":"ImageObject","inLanguage":"en-GB","@id":"https:\/\/twojpatent.pl\/#\/schema\/logo\/image\/","url":"https:\/\/twojpatent.pl\/wp-content\/uploads\/2025\/03\/mj-kancelaria-projektowa-3.jpg","contentUrl":"https:\/\/twojpatent.pl\/wp-content\/uploads\/2025\/03\/mj-kancelaria-projektowa-3.jpg","width":448,"height":453,"caption":"TwojPatent.pl"},"image":{"@id":"https:\/\/twojpatent.pl\/#\/schema\/logo\/image\/"}}]}},"_links":{"self":[{"href":"https:\/\/twojpatent.pl\/en\/wp-json\/wp\/v2\/pages\/1330","targetHints":{"allow":["GET"]}}],"collection":[{"href":"https:\/\/twojpatent.pl\/en\/wp-json\/wp\/v2\/pages"}],"about":[{"href":"https:\/\/twojpatent.pl\/en\/wp-json\/wp\/v2\/types\/page"}],"author":[{"embeddable":true,"href":"https:\/\/twojpatent.pl\/en\/wp-json\/wp\/v2\/users\/1"}],"replies":[{"embeddable":true,"href":"https:\/\/twojpatent.pl\/en\/wp-json\/wp\/v2\/comments?post=1330"}],"version-history":[{"count":25,"href":"https:\/\/twojpatent.pl\/en\/wp-json\/wp\/v2\/pages\/1330\/revisions"}],"predecessor-version":[{"id":1515,"href":"https:\/\/twojpatent.pl\/en\/wp-json\/wp\/v2\/pages\/1330\/revisions\/1515"}],"wp:attachment":[{"href":"https:\/\/twojpatent.pl\/en\/wp-json\/wp\/v2\/media?parent=1330"}],"curies":[{"name":"wp","href":"https:\/\/api.w.org\/{rel}","templated":true}]}}