{"id":620,"date":"2024-08-10T07:32:52","date_gmt":"2024-08-10T07:32:52","guid":{"rendered":"https:\/\/startersites.io\/elementor\/consultant\/?page_id=620"},"modified":"2025-06-06T12:27:03","modified_gmt":"2025-06-06T10:27:03","slug":"kontakt","status":"publish","type":"page","link":"https:\/\/twojpatent.pl\/en\/kontakt\/","title":{"rendered":"Contact"},"content":{"rendered":"<div data-elementor-type=\"wp-page\" data-elementor-id=\"620\" class=\"elementor elementor-620\">\n\t\t\t\t<div class=\"elementor-element elementor-element-28ceb049 e-flex e-con-boxed e-con e-parent\" data-id=\"28ceb049\" data-element_type=\"container\" data-settings=\"{&quot;background_background&quot;:&quot;classic&quot;}\">\n\t\t\t\t\t<div class=\"e-con-inner\">\n\t\t<div class=\"elementor-element elementor-element-49ac3dcf e-con-full e-flex e-con e-child\" data-id=\"49ac3dcf\" data-element_type=\"container\">\n\t\t\t\t<div class=\"elementor-element elementor-element-17b616c elementor-widget elementor-widget-shortcode\" data-id=\"17b616c\" data-element_type=\"widget\" data-widget_type=\"shortcode.default\">\n\t\t\t\t<div class=\"elementor-widget-container\">\n\t\t\t\t\t\t\t<div class=\"elementor-shortcode\"><\/div>\n\t\t\t\t\t\t<\/div>\n\t\t\t\t<\/div>\n\t\t\t\t<div class=\"elementor-element elementor-element-2ce53ceb elementor-widget elementor-widget-heading\" data-id=\"2ce53ceb\" data-element_type=\"widget\" data-widget_type=\"heading.default\">\n\t\t\t\t<div class=\"elementor-widget-container\">\n\t\t\t\t\t<h1 class=\"elementor-heading-title elementor-size-default\">Contact<\/h1>\t\t\t\t<\/div>\n\t\t\t\t<\/div>\n\t\t\t\t<div class=\"elementor-element elementor-element-19596f69 elementor-widget elementor-widget-text-editor\" data-id=\"19596f69\" data-element_type=\"widget\" data-widget_type=\"text-editor.default\">\n\t\t\t\t<div class=\"elementor-widget-container\">\n\t\t\t\t\t\t\t\t\t<p>Contact us and find out how we can help!<\/p>\t\t\t\t\t\t\t\t<\/div>\n\t\t\t\t<\/div>\n\t\t\t\t<\/div>\n\t\t\t\t\t<\/div>\n\t\t\t\t<\/div>\n\t\t<div class=\"elementor-element elementor-element-be076b3 e-flex e-con-boxed e-con e-parent\" data-id=\"be076b3\" data-element_type=\"container\">\n\t\t\t\t\t<div class=\"e-con-inner\">\n\t\t<div class=\"elementor-element elementor-element-1ef3944d e-con-full e-flex e-con e-child\" data-id=\"1ef3944d\" data-element_type=\"container\" data-settings=\"{&quot;background_background&quot;:&quot;classic&quot;}\">\n\t\t<div class=\"elementor-element elementor-element-834138a e-con-full e-flex e-con e-child\" data-id=\"834138a\" data-element_type=\"container\">\n\t\t\t\t<div class=\"elementor-element elementor-element-7de7a8b elementor-widget elementor-widget-heading\" data-id=\"7de7a8b\" data-element_type=\"widget\" data-widget_type=\"heading.default\">\n\t\t\t\t<div class=\"elementor-widget-container\">\n\t\t\t\t\t<h2 class=\"elementor-heading-title elementor-size-default\">Contact details<\/h2>\t\t\t\t<\/div>\n\t\t\t\t<\/div>\n\t\t\t\t<div class=\"elementor-element elementor-element-ac3889b elementor-icon-list--layout-traditional elementor-list-item-link-full_width elementor-widget elementor-widget-icon-list\" data-id=\"ac3889b\" data-element_type=\"widget\" data-widget_type=\"icon-list.default\">\n\t\t\t\t<div class=\"elementor-widget-container\">\n\t\t\t\t\t\t\t<ul class=\"elementor-icon-list-items\">\n\t\t\t\t\t\t\t<li class=\"elementor-icon-list-item\">\n\t\t\t\t\t\t\t\t\t\t\t<a href=\"mailto:kontakt@twojpatent.pl\">\n\n\t\t\t\t\t\t\t\t\t\t\t\t<span class=\"elementor-icon-list-icon\">\n\t\t\t\t\t\t\t<svg aria-hidden=\"true\" class=\"e-font-icon-svg e-far-envelope\" viewbox=\"0 0 512 512\" xmlns=\"http:\/\/www.w3.org\/2000\/svg\"><path d=\"M464 64H48C21.49 64 0 85.49 0 112v288c0 26.51 21.49 48 48 48h416c26.51 0 48-21.49 48-48V112c0-26.51-21.49-48-48-48zm0 48v40.805c-22.422 18.259-58.168 46.651-134.587 106.49-16.841 13.247-50.201 45.072-73.413 44.701-23.208.375-56.579-31.459-73.413-44.701C106.18 199.465 70.425 171.067 48 152.805V112h416zM48 400V214.398c22.914 18.251 55.409 43.862 104.938 82.646 21.857 17.205 60.134 55.186 103.062 54.955 42.717.231 80.509-37.199 103.053-54.947 49.528-38.783 82.032-64.401 104.947-82.653V400H48z\"><\/path><\/svg>\t\t\t\t\t\t<\/span>\n\t\t\t\t\t\t\t\t\t\t<span class=\"elementor-icon-list-text\">kontakt@twojpatent.pl<\/span>\n\t\t\t\t\t\t\t\t\t\t\t<\/a>\n\t\t\t\t\t\t\t\t\t<\/li>\n\t\t\t\t\t\t\t\t<li class=\"elementor-icon-list-item\">\n\t\t\t\t\t\t\t\t\t\t\t<a href=\"tel:+48%20604%20297%20814\">\n\n\t\t\t\t\t\t\t\t\t\t\t\t<span class=\"elementor-icon-list-icon\">\n\t\t\t\t\t\t\t<svg aria-hidden=\"true\" class=\"e-font-icon-svg e-fas-phone-alt\" viewbox=\"0 0 512 512\" xmlns=\"http:\/\/www.w3.org\/2000\/svg\"><path d=\"M497.39 361.8l-112-48a24 24 0 0 0-28 6.9l-49.6 60.6A370.66 370.66 0 0 1 130.6 204.11l60.6-49.6a23.94 23.94 0 0 0 6.9-28l-48-112A24.16 24.16 0 0 0 122.6.61l-104 24A24 24 0 0 0 0 48c0 256.5 207.9 464 464 464a24 24 0 0 0 23.4-18.6l24-104a24.29 24.29 0 0 0-14.01-27.6z\"><\/path><\/svg>\t\t\t\t\t\t<\/span>\n\t\t\t\t\t\t\t\t\t\t<span class=\"elementor-icon-list-text\">+48 604 297 814<\/span>\n\t\t\t\t\t\t\t\t\t\t\t<\/a>\n\t\t\t\t\t\t\t\t\t<\/li>\n\t\t\t\t\t\t\t\t<li class=\"elementor-icon-list-item\">\n\t\t\t\t\t\t\t\t\t\t\t<span class=\"elementor-icon-list-icon\">\n\t\t\t\t\t\t\t<svg aria-hidden=\"true\" class=\"e-font-icon-svg e-fas-map-pin\" viewbox=\"0 0 288 512\" xmlns=\"http:\/\/www.w3.org\/2000\/svg\"><path d=\"M112 316.94v156.69l22.02 33.02c4.75 7.12 15.22 7.12 19.97 0L176 473.63V316.94c-10.39 1.92-21.06 3.06-32 3.06s-21.61-1.14-32-3.06zM144 0C64.47 0 0 64.47 0 144s64.47 144 144 144 144-64.47 144-144S223.53 0 144 0zm0 76c-37.5 0-68 30.5-68 68 0 6.62-5.38 12-12 12s-12-5.38-12-12c0-50.73 41.28-92 92-92 6.62 0 12 5.38 12 12s-5.38 12-12 12z\"><\/path><\/svg>\t\t\t\t\t\t<\/span>\n\t\t\t\t\t\t\t\t\t\t<span class=\"elementor-icon-list-text\">ul. Msza\u0144ska 3, 44-304 Wodzis\u0142aw \u015al\u0105ski<\/span>\n\t\t\t\t\t\t\t\t\t<\/li>\n\t\t\t\t\t\t<\/ul>\n\t\t\t\t\t\t<\/div>\n\t\t\t\t<\/div>\n\t\t\t\t<div class=\"elementor-element elementor-element-2cf2837 elementor-widget elementor-widget-google_maps\" data-id=\"2cf2837\" data-element_type=\"widget\" data-widget_type=\"google_maps.default\">\n\t\t\t\t<div class=\"elementor-widget-container\">\n\t\t\t\t\t\t\t<div class=\"elementor-custom-embed\">\n\t\t\t<iframe loading=\"lazy\"\n\t\t\t\t\tsrc=\"https:\/\/maps.google.com\/maps?q=ul.%20Msza%C5%84ska%203%2C%2044-304%20Wodzis%C5%82aw%20%C5%9Al%C4%85ski&#038;t=m&#038;z=13&#038;output=embed&#038;iwloc=near\"\n\t\t\t\t\ttitle=\"ul. Msza\u0144ska 3, 44-304 Wodzis\u0142aw \u015al\u0105ski\"\n\t\t\t\t\taria-label=\"ul. Msza\u0144ska 3, 44-304 Wodzis\u0142aw \u015al\u0105ski\"\n\t\t\t><\/iframe>\n\t\t<\/div>\n\t\t\t\t\t\t<\/div>\n\t\t\t\t<\/div>\n\t\t\t\t<\/div>\n\t\t<div class=\"elementor-element elementor-element-1d4eb14 e-con-full e-flex e-con e-child\" data-id=\"1d4eb14\" data-element_type=\"container\" data-settings=\"{&quot;background_background&quot;:&quot;classic&quot;}\">\n\t\t\t\t<div class=\"elementor-element elementor-element-ce858d8 elementor-widget elementor-widget-heading\" data-id=\"ce858d8\" data-element_type=\"widget\" data-widget_type=\"heading.default\">\n\t\t\t\t<div class=\"elementor-widget-container\">\n\t\t\t\t\t<h2 class=\"elementor-heading-title elementor-size-default\">Contact form<\/h2>\t\t\t\t<\/div>\n\t\t\t\t<\/div>\n\t\t\t\t<div class=\"elementor-element elementor-element-fa9ac58 elementor-widget elementor-widget-wpforms\" data-id=\"fa9ac58\" data-element_type=\"widget\" data-widget_type=\"wpforms.default\">\n\t\t\t\t<div class=\"elementor-widget-container\">\n\t\t\t\t\t<div class=\"wpforms-container wpforms-render-modern\" id=\"wpforms-1260\"><form id=\"wpforms-form-1260\" class=\"wpforms-validate wpforms-form wpforms-ajax-form\" data-formid=\"1260\" method=\"post\" enctype=\"multipart\/form-data\" action=\"\/en\/wp-json\/wp\/v2\/pages\/620\" data-token=\"3f72b3502c84d1c5f117243c14b9a0eb\" data-token-time=\"1776431238\" data-trp-original-action=\"\/en\/wp-json\/wp\/v2\/pages\/620\"><noscript class=\"wpforms-error-noscript\">Please enable JavaScript in your browser to complete this form.<\/noscript><div id=\"wpforms-error-noscript\" style=\"display: none;\">Please enable JavaScript in your browser to complete this form.<\/div><div class=\"wpforms-field-container\"><div id=\"wpforms-1260-field_1-container\" class=\"wpforms-field wpforms-field-name\" data-field-id=\"1\"><fieldset><legend class=\"wpforms-field-label\">Full name <span class=\"wpforms-required-label\" aria-hidden=\"true\">*<\/span><\/legend><div class=\"wpforms-field-row wpforms-field-large\"><div class=\"wpforms-field-row-block wpforms-first wpforms-one-half\"><input type=\"text\" id=\"wpforms-1260-field_1\" class=\"wpforms-field-name-first wpforms-field-required\" name=\"wpforms[fields][1][first]\" aria-errormessage=\"wpforms-1260-field_1-error\" required><label for=\"wpforms-1260-field_1\" class=\"wpforms-field-sublabel after\">First<\/label><\/div><div class=\"wpforms-field-row-block wpforms-one-half\"><input type=\"text\" id=\"wpforms-1260-field_1-last\" class=\"wpforms-field-name-last wpforms-field-required\" name=\"wpforms[fields][1][last]\" aria-errormessage=\"wpforms-1260-field_1-last-error\" required><label for=\"wpforms-1260-field_1-last\" class=\"wpforms-field-sublabel after\">Last<\/label><\/div><\/div><\/fieldset><\/div><div id=\"wpforms-1260-field_2-container\" class=\"wpforms-field wpforms-field-email\" data-field-id=\"2\"><label class=\"wpforms-field-label\" for=\"wpforms-1260-field_2\">Email address <span class=\"wpforms-required-label\" aria-hidden=\"true\">*<\/span><\/label><input type=\"email\" id=\"wpforms-1260-field_2\" class=\"wpforms-field-large wpforms-field-required\" name=\"wpforms[fields][2]\" spellcheck=\"false\" aria-errormessage=\"wpforms-1260-field_2-error\" required><\/div><div id=\"wpforms-1260-field_4-container\" class=\"wpforms-field wpforms-field-number\" data-field-id=\"4\"><label class=\"wpforms-field-label\" for=\"wpforms-1260-field_4\">Phone number  <span class=\"wpforms-required-label\" aria-hidden=\"true\">*<\/span><\/label><input type=\"number\" id=\"wpforms-1260-field_4\" class=\"wpforms-field-large wpforms-field-required\" name=\"wpforms[fields][4]\" step=\"any\" aria-errormessage=\"wpforms-1260-field_4-error\" required><\/div><div id=\"wpforms-1260-field_3-container\" class=\"wpforms-field wpforms-field-textarea\" data-field-id=\"3\"><label class=\"wpforms-field-label\" for=\"wpforms-1260-field_3\">Message content<\/label><textarea id=\"wpforms-1260-field_3\" class=\"wpforms-field-medium\" name=\"wpforms[fields][3]\" aria-errormessage=\"wpforms-1260-field_3-error\" ><\/textarea><\/div>\t\t<div id=\"wpforms-1260-field_6-container\"\n\t\t\tclass=\"wpforms-field wpforms-field-text\"\n\t\t\tdata-field-type=\"text\"\n\t\t\tdata-field-id=\"6\"\n\t\t\t>\n\t\t\t<label class=\"wpforms-field-label\" for=\"wpforms-1260-field_6\" >Polityka e-mail Numer<\/label>\n\t\t\t<input type=\"text\" id=\"wpforms-1260-field_6\" class=\"wpforms-field-medium\" name=\"wpforms[fields][6]\" >\n\t\t<\/div>\n\t\t<div id=\"wpforms-1260-field_5-container\" class=\"wpforms-field wpforms-field-checkbox\" data-field-id=\"5\"><fieldset><legend class=\"wpforms-field-label wpforms-label-hide\" aria-hidden=\"false\">Privacy Policy <span class=\"wpforms-required-label\" aria-hidden=\"true\">*<\/span><\/legend><ul id=\"wpforms-1260-field_5\" class=\"wpforms-field-required\"><li class=\"choice-1 depth-1\"><input type=\"checkbox\" id=\"wpforms-1260-field_5_1\" name=\"wpforms[fields][5][]\" value=\"Administratorem danych osobowych jest Magdalena Jezierska Kancelaria Patentowa z siedzib\u0105 w Wodzis\u0142awiu \u015al\u0105skim przy ul. Msza\u0144ska 3. Dane wpisane w formularzu kontaktowym b\u0119d\u0105 przetwarzane w celu udzielenia odpowiedzi na przes\u0142ane zapytanie zgodnie z &lt;a href=&quot;\/polityka-prywatnosci&quot;&gt;polityk\u0105 prywatno\u015bci&lt;\/a&gt;\" aria-errormessage=\"wpforms-1260-field_5_1-error\" required><label class=\"wpforms-field-label-inline\" for=\"wpforms-1260-field_5_1\">The administrator of personal data is Magdalena Jezierska Kancelaria Patentowa located in\nWodzis\u0142aw \u015al\u0105ski at Msza\u0144ska Street 3. The data entered in the contact form will be\nprocessed in order to respond to the submitted inquiry in accordance with the <a href=\"\/en\/polityka-prywatnosci\/\">privacy policy<\/a><\/label><\/li><\/ul><\/fieldset><\/div><script>\n\t\t\t\t( function() {\n\t\t\t\t\tconst style = document.createElement( 'style' );\n\t\t\t\t\tstyle.appendChild( document.createTextNode( '#wpforms-1260-field_6-container { position: absolute !important; overflow: hidden !important; display: inline !important; height: 1px !important; width: 1px !important; z-index: -1000 !important; padding: 0 !important; } #wpforms-1260-field_6-container input { visibility: hidden; } #wpforms-conversational-form-page #wpforms-1260-field_6-container label { counter-increment: none; }' ) );\n\t\t\t\t\tdocument.head.appendChild( style );\n\t\t\t\t\tdocument.currentScript?.remove();\n\t\t\t\t} )();\n\t\t\t<\/script><\/div><!-- .wpforms-field-container --><div class=\"wpforms-submit-container\" ><input type=\"hidden\" name=\"wpforms[id]\" value=\"1260\"><input type=\"hidden\" name=\"page_title\" value=\"\"><input type=\"hidden\" name=\"page_url\" value=\"https:\/\/twojpatent.pl\/en\/wp-json\/wp\/v2\/pages\/620\"><input type=\"hidden\" name=\"url_referer\" value=\"\"><button type=\"submit\" name=\"wpforms[submit]\" id=\"wpforms-submit-1260\" class=\"wpforms-submit\" data-alt-text=\"Wysy\u0142anie...\" data-submit-text=\"Wy\u015blij wiadomo\u015b\u0107\" aria-live=\"assertive\" value=\"wpforms-submit\">Send message<\/button><img decoding=\"async\" src=\"https:\/\/twojpatent.pl\/wp-content\/plugins\/wpforms-lite\/assets\/images\/submit-spin.svg\" class=\"wpforms-submit-spinner\" style=\"display: none;\" width=\"26\" height=\"26\" alt=\"Loading\"><\/div><input type=\"hidden\" name=\"trp-form-language\" value=\"en\"\/><\/form><\/div>  <!-- .wpforms-container -->\t\t\t\t<\/div>\n\t\t\t\t<\/div>\n\t\t\t\t<\/div>\n\t\t\t\t<\/div>\n\t\t\t\t\t<\/div>\n\t\t\t\t<\/div>\n\t\t\t\t<\/div>","protected":false},"excerpt":{"rendered":"<p>Kontakt Skontaktuj si\u0119 z nami i dowied\u017a si\u0119 jak mo\u017cemy pom\u00f3c! Dane kontatkowe kontakt@twojpatent.pl +48 604 297 814 ul. Msza\u0144ska 3, 44-304 Wodzis\u0142aw \u015al\u0105ski Formularz kontatkowy Aby wype\u0142ni\u0107 ten formularz, w\u0142\u0105cz obs\u0142ug\u0119 JavaScript w przegl\u0105darce.Aby wype\u0142ni\u0107 ten formularz, w\u0142\u0105cz obs\u0142ug\u0119 JavaScript w przegl\u0105darce. Imi\u0119 i nazwisko * Imi\u0119Nazwisko Adres e-mail *Numer telefonu *Tre\u015b\u0107 wiadomo\u015bci Polityka [&hellip;]<\/p>","protected":false},"author":1,"featured_media":0,"parent":0,"menu_order":0,"comment_status":"closed","ping_status":"closed","template":"","meta":{"footnotes":""},"class_list":["post-620","page","type-page","status-publish","hentry"],"blocksy_meta":{"has_hero_section":"disabled","styles_descriptor":{"styles":{"desktop":"","tablet":"","mobile":""},"google_fonts":[],"version":6}},"yoast_head":"<!-- This site is optimized with the Yoast SEO plugin v26.7 - https:\/\/yoast.com\/wordpress\/plugins\/seo\/ -->\n<title>Kontakt - Magdalena Jezierska Kancelaria Patentowa | TwojPatent.pl<\/title>\n<meta name=\"description\" content=\"Skontaktuj si\u0119 z Kancelari\u0105 Patentow\u0105 Magdaleny Jezierskiej. Zadzwo\u0144, napisz lub odwied\u017a nas osobi\u015bcie \u2013 ch\u0119tnie odpowiemy na Twoje pytania i pomo\u017cemy w ochronie w\u0142asno\u015bci intelektualnej.\" \/>\n<meta name=\"robots\" content=\"index, follow, max-snippet:-1, max-image-preview:large, max-video-preview:-1\" \/>\n<link rel=\"canonical\" href=\"https:\/\/twojpatent.pl\/en\/kontakt\/\" \/>\n<meta property=\"og:locale\" content=\"en_GB\" \/>\n<meta property=\"og:type\" content=\"article\" \/>\n<meta property=\"og:title\" content=\"Kontakt - Magdalena Jezierska Kancelaria Patentowa | TwojPatent.pl\" \/>\n<meta property=\"og:description\" content=\"Skontaktuj si\u0119 z Kancelari\u0105 Patentow\u0105 Magdaleny Jezierskiej. Zadzwo\u0144, napisz lub odwied\u017a nas osobi\u015bcie \u2013 ch\u0119tnie odpowiemy na Twoje pytania i pomo\u017cemy w ochronie w\u0142asno\u015bci intelektualnej.\" \/>\n<meta property=\"og:url\" content=\"https:\/\/twojpatent.pl\/en\/kontakt\/\" \/>\n<meta property=\"og:site_name\" content=\"TwojPatent.pl\" \/>\n<meta property=\"article:modified_time\" content=\"2025-06-06T10:27:03+00:00\" \/>\n<meta property=\"og:image\" content=\"https:\/\/twojpatent.pl\/wp-content\/plugins\/wpforms-lite\/assets\/images\/submit-spin.svg\" \/>\n<meta name=\"twitter:card\" content=\"summary_large_image\" \/>\n<meta name=\"twitter:label1\" content=\"Estimated reading time\" \/>\n\t<meta name=\"twitter:data1\" content=\"1 minute\" \/>\n<script type=\"application\/ld+json\" class=\"yoast-schema-graph\">{\"@context\":\"https:\/\/schema.org\",\"@graph\":[{\"@type\":\"WebPage\",\"@id\":\"https:\/\/twojpatent.pl\/kontakt\/\",\"url\":\"https:\/\/twojpatent.pl\/kontakt\/\",\"name\":\"Kontakt - Magdalena Jezierska Kancelaria Patentowa | TwojPatent.pl\",\"isPartOf\":{\"@id\":\"https:\/\/twojpatent.pl\/#website\"},\"primaryImageOfPage\":{\"@id\":\"https:\/\/twojpatent.pl\/kontakt\/#primaryimage\"},\"image\":{\"@id\":\"https:\/\/twojpatent.pl\/kontakt\/#primaryimage\"},\"thumbnailUrl\":\"https:\/\/twojpatent.pl\/wp-content\/plugins\/wpforms-lite\/assets\/images\/submit-spin.svg\",\"datePublished\":\"2024-08-10T07:32:52+00:00\",\"dateModified\":\"2025-06-06T10:27:03+00:00\",\"description\":\"Skontaktuj si\u0119 z Kancelari\u0105 Patentow\u0105 Magdaleny Jezierskiej. Zadzwo\u0144, napisz lub odwied\u017a nas osobi\u015bcie \u2013 ch\u0119tnie odpowiemy na Twoje pytania i pomo\u017cemy w ochronie w\u0142asno\u015bci intelektualnej.\",\"breadcrumb\":{\"@id\":\"https:\/\/twojpatent.pl\/kontakt\/#breadcrumb\"},\"inLanguage\":\"en-GB\",\"potentialAction\":[{\"@type\":\"ReadAction\",\"target\":[\"https:\/\/twojpatent.pl\/kontakt\/\"]}]},{\"@type\":\"ImageObject\",\"inLanguage\":\"en-GB\",\"@id\":\"https:\/\/twojpatent.pl\/kontakt\/#primaryimage\",\"url\":\"https:\/\/twojpatent.pl\/wp-content\/plugins\/wpforms-lite\/assets\/images\/submit-spin.svg\",\"contentUrl\":\"https:\/\/twojpatent.pl\/wp-content\/plugins\/wpforms-lite\/assets\/images\/submit-spin.svg\"},{\"@type\":\"BreadcrumbList\",\"@id\":\"https:\/\/twojpatent.pl\/kontakt\/#breadcrumb\",\"itemListElement\":[{\"@type\":\"ListItem\",\"position\":1,\"name\":\"Strona g\u0142\u00f3wna\",\"item\":\"https:\/\/twojpatent.pl\/\"},{\"@type\":\"ListItem\",\"position\":2,\"name\":\"Kontakt\"}]},{\"@type\":\"WebSite\",\"@id\":\"https:\/\/twojpatent.pl\/#website\",\"url\":\"https:\/\/twojpatent.pl\/\",\"name\":\"TwojPatent.pl\",\"description\":\"\",\"publisher\":{\"@id\":\"https:\/\/twojpatent.pl\/#organization\"},\"potentialAction\":[{\"@type\":\"SearchAction\",\"target\":{\"@type\":\"EntryPoint\",\"urlTemplate\":\"https:\/\/twojpatent.pl\/?s={search_term_string}\"},\"query-input\":{\"@type\":\"PropertyValueSpecification\",\"valueRequired\":true,\"valueName\":\"search_term_string\"}}],\"inLanguage\":\"en-GB\"},{\"@type\":\"Organization\",\"@id\":\"https:\/\/twojpatent.pl\/#organization\",\"name\":\"TwojPatent.pl\",\"url\":\"https:\/\/twojpatent.pl\/\",\"logo\":{\"@type\":\"ImageObject\",\"inLanguage\":\"en-GB\",\"@id\":\"https:\/\/twojpatent.pl\/#\/schema\/logo\/image\/\",\"url\":\"https:\/\/twojpatent.pl\/wp-content\/uploads\/2025\/03\/mj-kancelaria-projektowa-3.jpg\",\"contentUrl\":\"https:\/\/twojpatent.pl\/wp-content\/uploads\/2025\/03\/mj-kancelaria-projektowa-3.jpg\",\"width\":448,\"height\":453,\"caption\":\"TwojPatent.pl\"},\"image\":{\"@id\":\"https:\/\/twojpatent.pl\/#\/schema\/logo\/image\/\"}}]}<\/script>\n<!-- \/ Yoast SEO plugin. -->","yoast_head_json":{"title":"Kontakt - Magdalena Jezierska Kancelaria Patentowa | TwojPatent.pl","description":"Skontaktuj si\u0119 z Kancelari\u0105 Patentow\u0105 Magdaleny Jezierskiej. Zadzwo\u0144, napisz lub odwied\u017a nas osobi\u015bcie \u2013 ch\u0119tnie odpowiemy na Twoje pytania i pomo\u017cemy w ochronie w\u0142asno\u015bci intelektualnej.","robots":{"index":"index","follow":"follow","max-snippet":"max-snippet:-1","max-image-preview":"max-image-preview:large","max-video-preview":"max-video-preview:-1"},"canonical":"https:\/\/twojpatent.pl\/en\/kontakt\/","og_locale":"en_GB","og_type":"article","og_title":"Kontakt - Magdalena Jezierska Kancelaria Patentowa | TwojPatent.pl","og_description":"Skontaktuj si\u0119 z Kancelari\u0105 Patentow\u0105 Magdaleny Jezierskiej. Zadzwo\u0144, napisz lub odwied\u017a nas osobi\u015bcie \u2013 ch\u0119tnie odpowiemy na Twoje pytania i pomo\u017cemy w ochronie w\u0142asno\u015bci intelektualnej.","og_url":"https:\/\/twojpatent.pl\/en\/kontakt\/","og_site_name":"TwojPatent.pl","article_modified_time":"2025-06-06T10:27:03+00:00","og_image":[{"url":"https:\/\/twojpatent.pl\/wp-content\/plugins\/wpforms-lite\/assets\/images\/submit-spin.svg","type":"","width":"","height":""}],"twitter_card":"summary_large_image","twitter_misc":{"Estimated reading time":"1 minute"},"schema":{"@context":"https:\/\/schema.org","@graph":[{"@type":"WebPage","@id":"https:\/\/twojpatent.pl\/kontakt\/","url":"https:\/\/twojpatent.pl\/kontakt\/","name":"Kontakt - Magdalena Jezierska Kancelaria Patentowa | TwojPatent.pl","isPartOf":{"@id":"https:\/\/twojpatent.pl\/#website"},"primaryImageOfPage":{"@id":"https:\/\/twojpatent.pl\/kontakt\/#primaryimage"},"image":{"@id":"https:\/\/twojpatent.pl\/kontakt\/#primaryimage"},"thumbnailUrl":"https:\/\/twojpatent.pl\/wp-content\/plugins\/wpforms-lite\/assets\/images\/submit-spin.svg","datePublished":"2024-08-10T07:32:52+00:00","dateModified":"2025-06-06T10:27:03+00:00","description":"Skontaktuj si\u0119 z Kancelari\u0105 Patentow\u0105 Magdaleny Jezierskiej. Zadzwo\u0144, napisz lub odwied\u017a nas osobi\u015bcie \u2013 ch\u0119tnie odpowiemy na Twoje pytania i pomo\u017cemy w ochronie w\u0142asno\u015bci intelektualnej.","breadcrumb":{"@id":"https:\/\/twojpatent.pl\/kontakt\/#breadcrumb"},"inLanguage":"en-GB","potentialAction":[{"@type":"ReadAction","target":["https:\/\/twojpatent.pl\/kontakt\/"]}]},{"@type":"ImageObject","inLanguage":"en-GB","@id":"https:\/\/twojpatent.pl\/kontakt\/#primaryimage","url":"https:\/\/twojpatent.pl\/wp-content\/plugins\/wpforms-lite\/assets\/images\/submit-spin.svg","contentUrl":"https:\/\/twojpatent.pl\/wp-content\/plugins\/wpforms-lite\/assets\/images\/submit-spin.svg"},{"@type":"BreadcrumbList","@id":"https:\/\/twojpatent.pl\/kontakt\/#breadcrumb","itemListElement":[{"@type":"ListItem","position":1,"name":"Strona g\u0142\u00f3wna","item":"https:\/\/twojpatent.pl\/"},{"@type":"ListItem","position":2,"name":"Kontakt"}]},{"@type":"WebSite","@id":"https:\/\/twojpatent.pl\/#website","url":"https:\/\/twojpatent.pl\/","name":"TwojPatent.pl","description":"","publisher":{"@id":"https:\/\/twojpatent.pl\/#organization"},"potentialAction":[{"@type":"SearchAction","target":{"@type":"EntryPoint","urlTemplate":"https:\/\/twojpatent.pl\/?s={search_term_string}"},"query-input":{"@type":"PropertyValueSpecification","valueRequired":true,"valueName":"search_term_string"}}],"inLanguage":"en-GB"},{"@type":"Organization","@id":"https:\/\/twojpatent.pl\/#organization","name":"TwojPatent.pl","url":"https:\/\/twojpatent.pl\/","logo":{"@type":"ImageObject","inLanguage":"en-GB","@id":"https:\/\/twojpatent.pl\/#\/schema\/logo\/image\/","url":"https:\/\/twojpatent.pl\/wp-content\/uploads\/2025\/03\/mj-kancelaria-projektowa-3.jpg","contentUrl":"https:\/\/twojpatent.pl\/wp-content\/uploads\/2025\/03\/mj-kancelaria-projektowa-3.jpg","width":448,"height":453,"caption":"TwojPatent.pl"},"image":{"@id":"https:\/\/twojpatent.pl\/#\/schema\/logo\/image\/"}}]}},"_links":{"self":[{"href":"https:\/\/twojpatent.pl\/en\/wp-json\/wp\/v2\/pages\/620","targetHints":{"allow":["GET"]}}],"collection":[{"href":"https:\/\/twojpatent.pl\/en\/wp-json\/wp\/v2\/pages"}],"about":[{"href":"https:\/\/twojpatent.pl\/en\/wp-json\/wp\/v2\/types\/page"}],"author":[{"embeddable":true,"href":"https:\/\/twojpatent.pl\/en\/wp-json\/wp\/v2\/users\/1"}],"replies":[{"embeddable":true,"href":"https:\/\/twojpatent.pl\/en\/wp-json\/wp\/v2\/comments?post=620"}],"version-history":[{"count":25,"href":"https:\/\/twojpatent.pl\/en\/wp-json\/wp\/v2\/pages\/620\/revisions"}],"predecessor-version":[{"id":1521,"href":"https:\/\/twojpatent.pl\/en\/wp-json\/wp\/v2\/pages\/620\/revisions\/1521"}],"wp:attachment":[{"href":"https:\/\/twojpatent.pl\/en\/wp-json\/wp\/v2\/media?parent=620"}],"curies":[{"name":"wp","href":"https:\/\/api.w.org\/{rel}","templated":true}]}}